{"id":33,"date":"2022-09-14T19:16:51","date_gmt":"2022-09-15T00:16:51","guid":{"rendered":"https:\/\/vinoydijo.com\/?page_id=33"},"modified":"2022-12-12T11:19:32","modified_gmt":"2022-12-12T17:19:32","slug":"suscribirse","status":"publish","type":"page","link":"https:\/\/www.vinoydijo.com\/en\/suscribirse\/","title":{"rendered":"Suscribe"},"content":{"rendered":"<section class=\"l-section wpb_row us_custom_a518f36e us_animate_this height_large with_img parallax_ver\"><div class=\"l-section-img\" style=\"background-image: url(https:\/\/www.vinoydijo.com\/wp-content\/uploads\/2022\/12\/cover-bg.webp);background-repeat: no-repeat;\" data-img-width=\"2048\" data-img-height=\"1365\"><\/div><div class=\"l-section-overlay\" style=\"background:rgba(26,26,26,0.55)\"><\/div><div class=\"l-section-h i-cf\"><div class=\"g-cols vc_row via_flex valign_top type_default stacking_default\"><div class=\"vc_col-sm-12 wpb_column vc_column_container\"><div class=\"vc_column-inner\"><div class=\"wpb_wrapper\"><h2 class=\"w-post-elm post_title us_custom_e9f66605 has_text_color us_animate_this entry-title color_link_inherit\">Suscribe<\/h2><ol class=\"g-breadcrumbs us_custom_280d50bb has_text_color us_animate_this separator_icon align_center\" itemscope itemtype=\"http:\/\/schema.org\/BreadcrumbList\"><li class=\"g-breadcrumbs-item\" itemscope itemprop=\"itemListElement\" itemtype=\"http:\/\/schema.org\/ListItem\"><a itemprop=\"item\" href=\"https:\/\/www.vinoydijo.com\/en\/\"><span itemprop=\"name\">Home<\/span><\/a><meta itemprop=\"position\" content=\"1\"\/><\/li><li class=\"g-breadcrumbs-separator\"><i class=\"far fa-angle-right\"><\/i><\/li><li class=\"g-breadcrumbs-item\">Pages<\/li><\/ol><\/div><\/div><\/div><\/div><\/div><\/section><section class=\"l-section wpb_row height_medium\"><div class=\"l-section-h i-cf\"><div class=\"g-cols vc_row via_flex valign_top type_default stacking_default\"><div class=\"vc_col-sm-6 wpb_column vc_column_container\"><div class=\"vc_column-inner us_custom_44ef4aae us_animate_this\"><div class=\"wpb_wrapper\"><div class=\"w-image align_center\"><div class=\"w-image-h\"><img loading=\"lazy\" decoding=\"async\" width=\"700\" height=\"516\" src=\"https:\/\/www.vinoydijo.com\/wp-content\/uploads\/2022\/09\/about-me.jpg\" class=\"attachment-full size-full\" alt=\"\" srcset=\"https:\/\/www.vinoydijo.com\/wp-content\/uploads\/2022\/09\/about-me.jpg 700w, https:\/\/www.vinoydijo.com\/wp-content\/uploads\/2022\/09\/about-me-300x221.jpg 300w, https:\/\/www.vinoydijo.com\/wp-content\/uploads\/2022\/09\/about-me-600x442.jpg 600w\" sizes=\"auto, (max-width: 700px) 100vw, 700px\" \/><\/div><\/div><\/div><\/div><\/div><div class=\"vc_col-sm-6 wpb_column vc_column_container\"><div class=\"vc_column-inner us_custom_3487890e us_animate_this\"><div class=\"wpb_wrapper\"><div class=\"w-separator size_small\"><\/div><div class=\"wpb_text_column us_custom_353a7b5a has_text_color\"><div class=\"wpb_wrapper\"><p>SIP, SAVOR, REPEAT<\/p>\n<\/div><\/div><div class=\"wpb_text_column us_custom_4c4a441f\"><div class=\"wpb_wrapper\"><p>Suscribe<\/p>\n<\/div><\/div><div class=\"w-separator size_small\"><\/div><div class=\"wpb_text_column\"><div class=\"wpb_wrapper\"><p>Si te gustar\u00eda recibir informaci\u00f3n acerca del fascinante mundo del vino, te invito a suscribirte para recibir nuestros correos. Si quieres contactarnos m\u00e1ndanos un correo a info@vinoydijo.com<\/p>\n<\/div><\/div><div class=\"w-separator size_small\"><\/div><div class=\"wpb_text_column\"><div class=\"wpb_wrapper\"><script>(function() {\n\twindow.mc4wp = window.mc4wp || {\n\t\tlisteners: [],\n\t\tforms: {\n\t\t\ton: function(evt, cb) {\n\t\t\t\twindow.mc4wp.listeners.push(\n\t\t\t\t\t{\n\t\t\t\t\t\tevent   : evt,\n\t\t\t\t\t\tcallback: cb\n\t\t\t\t\t}\n\t\t\t\t);\n\t\t\t}\n\t\t}\n\t}\n})();\n<\/script><!-- Mailchimp for WordPress v4.12.2 - https:\/\/wordpress.org\/plugins\/mailchimp-for-wp\/ --><form id=\"mc4wp-form-1\" class=\"mc4wp-form mc4wp-form-185\" method=\"post\" data-id=\"185\" data-name=\"Boletin\" action=\"\" ><div class=\"mc4wp-form-fields\"><p class=\"centrar-texto\">\r\n<input type=\"email\" name=\"EMAIL\" placeholder=\"Correo electr\u00f3nico\" required \/>\r\n<\/label>\r\n<\/p>\r\n\r\n<p>\r\n\t<input type=\"submit\" value=\"Suscribe\" \/>\r\n<\/p><\/div><label style=\"display: none !important;\">Leave this field empty if you're human: <input type=\"text\" name=\"_mc4wp_honeypot\" value=\"\" tabindex=\"-1\" autocomplete=\"off\" \/><\/label><input type=\"hidden\" name=\"_mc4wp_timestamp\" value=\"1778156955\" \/><input type=\"hidden\" name=\"_mc4wp_form_id\" value=\"185\" \/><input type=\"hidden\" name=\"_mc4wp_form_element_id\" value=\"mc4wp-form-1\" \/><div class=\"mc4wp-response\"><\/div><input type=\"hidden\" name=\"trp-form-language\" value=\"en\"\/><\/form><!-- \/ Mailchimp for WordPress Plugin -->\n<\/div><\/div><\/div><\/div><\/div><\/div><\/div><\/section>","protected":false},"excerpt":{"rendered":"SuscribirseHomePagesSIP, SAVOR, REPEAT Suscribirse Si te gustar\u00eda recibir informaci\u00f3n acerca del fascinante mundo del vino, te invito a suscribirte para recibir nuestros correos. Si quieres contactarnos m\u00e1ndanos un correo a info@vinoydijo.com Leave this field empty if you're human:","protected":false},"author":1,"featured_media":244,"parent":0,"menu_order":0,"comment_status":"closed","ping_status":"closed","template":"","meta":{"footnotes":""},"class_list":["post-33","page","type-page","status-publish","has-post-thumbnail","hentry"],"yoast_head":"<!-- This site is optimized with the Yoast SEO plugin v27.4 - https:\/\/yoast.com\/product\/yoast-seo-wordpress\/ -->\n<title>Vino y Dijo | Suscribirse<\/title>\n<meta name=\"robots\" content=\"index, follow, max-snippet:-1, max-image-preview:large, max-video-preview:-1\" \/>\n<link rel=\"canonical\" href=\"https:\/\/www.vinoydijo.com\/en\/suscribirse\/\" \/>\n<meta property=\"og:locale\" content=\"en_US\" \/>\n<meta property=\"og:type\" content=\"article\" \/>\n<meta property=\"og:title\" content=\"Vino y Dijo | Suscribirse\" \/>\n<meta property=\"og:url\" content=\"https:\/\/www.vinoydijo.com\/en\/suscribirse\/\" \/>\n<meta property=\"og:site_name\" content=\"Vino y Dijo\" \/>\n<meta property=\"article:modified_time\" content=\"2022-12-12T17:19:32+00:00\" \/>\n<meta property=\"og:image\" content=\"https:\/\/www.vinoydijo.com\/wp-content\/uploads\/2022\/12\/VinoYDijo.jpg\" \/>\n\t<meta property=\"og:image:width\" content=\"1024\" \/>\n\t<meta property=\"og:image:height\" content=\"1024\" \/>\n\t<meta property=\"og:image:type\" content=\"image\/jpeg\" \/>\n<meta name=\"twitter:card\" content=\"summary_large_image\" \/>\n<meta name=\"twitter:label1\" content=\"Est. reading time\" \/>\n\t<meta name=\"twitter:data1\" content=\"1 minute\" \/>\n<script type=\"application\/ld+json\" class=\"yoast-schema-graph\">{\"@context\":\"https:\\\/\\\/schema.org\",\"@graph\":[{\"@type\":\"WebPage\",\"@id\":\"https:\\\/\\\/www.vinoydijo.com\\\/suscribirse\\\/\",\"url\":\"https:\\\/\\\/www.vinoydijo.com\\\/suscribirse\\\/\",\"name\":\"Vino y Dijo | Suscribirse\",\"isPartOf\":{\"@id\":\"https:\\\/\\\/www.vinoydijo.com\\\/#website\"},\"primaryImageOfPage\":{\"@id\":\"https:\\\/\\\/www.vinoydijo.com\\\/suscribirse\\\/#primaryimage\"},\"image\":{\"@id\":\"https:\\\/\\\/www.vinoydijo.com\\\/suscribirse\\\/#primaryimage\"},\"thumbnailUrl\":\"https:\\\/\\\/www.vinoydijo.com\\\/wp-content\\\/uploads\\\/2022\\\/12\\\/VinoYDijo.jpg\",\"datePublished\":\"2022-09-15T00:16:51+00:00\",\"dateModified\":\"2022-12-12T17:19:32+00:00\",\"breadcrumb\":{\"@id\":\"https:\\\/\\\/www.vinoydijo.com\\\/suscribirse\\\/#breadcrumb\"},\"inLanguage\":\"en-US\",\"potentialAction\":[{\"@type\":\"ReadAction\",\"target\":[\"https:\\\/\\\/www.vinoydijo.com\\\/suscribirse\\\/\"]}]},{\"@type\":\"ImageObject\",\"inLanguage\":\"en-US\",\"@id\":\"https:\\\/\\\/www.vinoydijo.com\\\/suscribirse\\\/#primaryimage\",\"url\":\"https:\\\/\\\/www.vinoydijo.com\\\/wp-content\\\/uploads\\\/2022\\\/12\\\/VinoYDijo.jpg\",\"contentUrl\":\"https:\\\/\\\/www.vinoydijo.com\\\/wp-content\\\/uploads\\\/2022\\\/12\\\/VinoYDijo.jpg\",\"width\":1024,\"height\":1024},{\"@type\":\"BreadcrumbList\",\"@id\":\"https:\\\/\\\/www.vinoydijo.com\\\/suscribirse\\\/#breadcrumb\",\"itemListElement\":[{\"@type\":\"ListItem\",\"position\":1,\"name\":\"Portada\",\"item\":\"https:\\\/\\\/www.vinoydijo.com\\\/\"},{\"@type\":\"ListItem\",\"position\":2,\"name\":\"Suscribirse\"}]},{\"@type\":\"WebSite\",\"@id\":\"https:\\\/\\\/www.vinoydijo.com\\\/#website\",\"url\":\"https:\\\/\\\/www.vinoydijo.com\\\/\",\"name\":\"Vino y Dijo\",\"description\":\"Vinos\",\"publisher\":{\"@id\":\"https:\\\/\\\/www.vinoydijo.com\\\/#organization\"},\"potentialAction\":[{\"@type\":\"SearchAction\",\"target\":{\"@type\":\"EntryPoint\",\"urlTemplate\":\"https:\\\/\\\/www.vinoydijo.com\\\/?s={search_term_string}\"},\"query-input\":{\"@type\":\"PropertyValueSpecification\",\"valueRequired\":true,\"valueName\":\"search_term_string\"}}],\"inLanguage\":\"en-US\"},{\"@type\":\"Organization\",\"@id\":\"https:\\\/\\\/www.vinoydijo.com\\\/#organization\",\"name\":\"Vino y Dijo\",\"url\":\"https:\\\/\\\/www.vinoydijo.com\\\/\",\"logo\":{\"@type\":\"ImageObject\",\"inLanguage\":\"en-US\",\"@id\":\"https:\\\/\\\/www.vinoydijo.com\\\/#\\\/schema\\\/logo\\\/image\\\/\",\"url\":\"https:\\\/\\\/vinoydijo.com\\\/wp-content\\\/uploads\\\/2022\\\/09\\\/VinoyDijo.jpg\",\"contentUrl\":\"https:\\\/\\\/vinoydijo.com\\\/wp-content\\\/uploads\\\/2022\\\/09\\\/VinoyDijo.jpg\",\"width\":1024,\"height\":1024,\"caption\":\"Vino y Dijo\"},\"image\":{\"@id\":\"https:\\\/\\\/www.vinoydijo.com\\\/#\\\/schema\\\/logo\\\/image\\\/\"}}]}<\/script>\n<!-- \/ Yoast SEO plugin. -->","yoast_head_json":{"title":"Vino y Dijo | Suscribirse","robots":{"index":"index","follow":"follow","max-snippet":"max-snippet:-1","max-image-preview":"max-image-preview:large","max-video-preview":"max-video-preview:-1"},"canonical":"https:\/\/www.vinoydijo.com\/en\/suscribirse\/","og_locale":"en_US","og_type":"article","og_title":"Vino y Dijo | Suscribirse","og_url":"https:\/\/www.vinoydijo.com\/en\/suscribirse\/","og_site_name":"Vino y Dijo","article_modified_time":"2022-12-12T17:19:32+00:00","og_image":[{"width":1024,"height":1024,"url":"https:\/\/www.vinoydijo.com\/wp-content\/uploads\/2022\/12\/VinoYDijo.jpg","type":"image\/jpeg"}],"twitter_card":"summary_large_image","twitter_misc":{"Est. reading time":"1 minute"},"schema":{"@context":"https:\/\/schema.org","@graph":[{"@type":"WebPage","@id":"https:\/\/www.vinoydijo.com\/suscribirse\/","url":"https:\/\/www.vinoydijo.com\/suscribirse\/","name":"Vino y Dijo | Suscribirse","isPartOf":{"@id":"https:\/\/www.vinoydijo.com\/#website"},"primaryImageOfPage":{"@id":"https:\/\/www.vinoydijo.com\/suscribirse\/#primaryimage"},"image":{"@id":"https:\/\/www.vinoydijo.com\/suscribirse\/#primaryimage"},"thumbnailUrl":"https:\/\/www.vinoydijo.com\/wp-content\/uploads\/2022\/12\/VinoYDijo.jpg","datePublished":"2022-09-15T00:16:51+00:00","dateModified":"2022-12-12T17:19:32+00:00","breadcrumb":{"@id":"https:\/\/www.vinoydijo.com\/suscribirse\/#breadcrumb"},"inLanguage":"en-US","potentialAction":[{"@type":"ReadAction","target":["https:\/\/www.vinoydijo.com\/suscribirse\/"]}]},{"@type":"ImageObject","inLanguage":"en-US","@id":"https:\/\/www.vinoydijo.com\/suscribirse\/#primaryimage","url":"https:\/\/www.vinoydijo.com\/wp-content\/uploads\/2022\/12\/VinoYDijo.jpg","contentUrl":"https:\/\/www.vinoydijo.com\/wp-content\/uploads\/2022\/12\/VinoYDijo.jpg","width":1024,"height":1024},{"@type":"BreadcrumbList","@id":"https:\/\/www.vinoydijo.com\/suscribirse\/#breadcrumb","itemListElement":[{"@type":"ListItem","position":1,"name":"Portada","item":"https:\/\/www.vinoydijo.com\/"},{"@type":"ListItem","position":2,"name":"Suscribirse"}]},{"@type":"WebSite","@id":"https:\/\/www.vinoydijo.com\/#website","url":"https:\/\/www.vinoydijo.com\/","name":"Vino y Dijo","description":"Vinos","publisher":{"@id":"https:\/\/www.vinoydijo.com\/#organization"},"potentialAction":[{"@type":"SearchAction","target":{"@type":"EntryPoint","urlTemplate":"https:\/\/www.vinoydijo.com\/?s={search_term_string}"},"query-input":{"@type":"PropertyValueSpecification","valueRequired":true,"valueName":"search_term_string"}}],"inLanguage":"en-US"},{"@type":"Organization","@id":"https:\/\/www.vinoydijo.com\/#organization","name":"Vino y Dijo","url":"https:\/\/www.vinoydijo.com\/","logo":{"@type":"ImageObject","inLanguage":"en-US","@id":"https:\/\/www.vinoydijo.com\/#\/schema\/logo\/image\/","url":"https:\/\/vinoydijo.com\/wp-content\/uploads\/2022\/09\/VinoyDijo.jpg","contentUrl":"https:\/\/vinoydijo.com\/wp-content\/uploads\/2022\/09\/VinoyDijo.jpg","width":1024,"height":1024,"caption":"Vino y Dijo"},"image":{"@id":"https:\/\/www.vinoydijo.com\/#\/schema\/logo\/image\/"}}]}},"_links":{"self":[{"href":"https:\/\/www.vinoydijo.com\/en\/wp-json\/wp\/v2\/pages\/33","targetHints":{"allow":["GET"]}}],"collection":[{"href":"https:\/\/www.vinoydijo.com\/en\/wp-json\/wp\/v2\/pages"}],"about":[{"href":"https:\/\/www.vinoydijo.com\/en\/wp-json\/wp\/v2\/types\/page"}],"author":[{"embeddable":true,"href":"https:\/\/www.vinoydijo.com\/en\/wp-json\/wp\/v2\/users\/1"}],"replies":[{"embeddable":true,"href":"https:\/\/www.vinoydijo.com\/en\/wp-json\/wp\/v2\/comments?post=33"}],"version-history":[{"count":0,"href":"https:\/\/www.vinoydijo.com\/en\/wp-json\/wp\/v2\/pages\/33\/revisions"}],"wp:featuredmedia":[{"embeddable":true,"href":"https:\/\/www.vinoydijo.com\/en\/wp-json\/wp\/v2\/media\/244"}],"wp:attachment":[{"href":"https:\/\/www.vinoydijo.com\/en\/wp-json\/wp\/v2\/media?parent=33"}],"curies":[{"name":"wp","href":"https:\/\/api.w.org\/{rel}","templated":true}]}}