{"id":322,"date":"2023-09-26T16:08:32","date_gmt":"2023-09-26T21:08:32","guid":{"rendered":"https:\/\/vinoydijo.com\/?post_type=product&#038;p=322"},"modified":"2023-09-26T20:02:12","modified_gmt":"2023-09-27T01:02:12","slug":"anillo-de-goteo-para-collar-de-botella","status":"publish","type":"product","link":"https:\/\/www.vinoydijo.com\/en\/tienda\/anillo-de-goteo-para-collar-de-botella\/","title":{"rendered":"Wine Drip Collar"},"content":{"rendered":"<p>Prevents wine drips from sliding down the bottle and staining the table.<\/p>\n<p>Features:<\/p>\n<p>Material: Stainless steel + high-density absorbent sponge.<br \/>\nSiver color<\/p>\n<p>Measurements:<\/p>\n<p>Height: 1.9 cm<\/p>\n<p>Diameter: 3.8 cm<\/p>\n<p class=\"translation-block\">Package includes:<br>\n2 wine rings<\/p>","protected":false},"excerpt":{"rendered":"<p>Evita que las gotas de vino se deslicen al cuerpo de la botella y manchen la mesa. Caracter\u00edsticas: Material: acero inoxidable + esponja absorbente de alta densidad. Color plata Dimensi\u00f3nes: Longitud: 1.9 cm Di\u00e1metro: 3.8 cm El paquete incluye: 2 anillos de vino<\/p>","protected":false},"featured_media":327,"template":"","meta":[],"product_brand":[],"product_cat":[30],"product_tag":[],"class_list":{"0":"post-322","1":"product","2":"type-product","3":"status-publish","4":"has-post-thumbnail","6":"product_cat-gadgets","8":"first","9":"instock","10":"taxable","11":"shipping-taxable","12":"purchasable","13":"product-type-simple"},"exclude_global_add_ons":[],"addons":[],"yoast_head":"<!-- This site is optimized with the Yoast SEO plugin v27.4 - https:\/\/yoast.com\/product\/yoast-seo-wordpress\/ -->\n<title>Vino y Dijo | Venta de Anillo de goteo para collar de botella<\/title>\n<meta name=\"robots\" content=\"index, follow, max-snippet:-1, max-image-preview:large, max-video-preview:-1\" \/>\n<link rel=\"canonical\" href=\"https:\/\/www.vinoydijo.com\/en\/tienda\/anillo-de-goteo-para-collar-de-botella\/\" \/>\n<meta property=\"og:locale\" content=\"en_US\" \/>\n<meta property=\"og:type\" content=\"article\" \/>\n<meta property=\"og:title\" content=\"Vino y Dijo | Venta de Anillo de goteo para collar de botella\" \/>\n<meta property=\"og:description\" content=\"Evita que las gotas de vino se deslicen al cuerpo de la botella y manchen la mesa. Caracter\u00edsticas: Material: acero inoxidable + esponja absorbente de alta densidad. Color plata Dimensi\u00f3nes: Longitud: 1.9 cm Di\u00e1metro: 3.8 cm El paquete incluye: 2 anillos de vino\" \/>\n<meta property=\"og:url\" content=\"https:\/\/www.vinoydijo.com\/en\/tienda\/anillo-de-goteo-para-collar-de-botella\/\" \/>\n<meta property=\"og:site_name\" content=\"Vino y Dijo\" \/>\n<meta property=\"article:modified_time\" content=\"2023-09-27T01:02:12+00:00\" \/>\n<meta property=\"og:image\" content=\"https:\/\/www.vinoydijo.com\/wp-content\/uploads\/2023\/09\/s-l1600.jpeg\" \/>\n\t<meta property=\"og:image:width\" content=\"600\" \/>\n\t<meta property=\"og:image:height\" content=\"600\" \/>\n\t<meta property=\"og:image:type\" content=\"image\/jpeg\" \/>\n<meta name=\"twitter:card\" content=\"summary_large_image\" \/>\n<meta name=\"twitter:label1\" content=\"Est. reading time\" \/>\n\t<meta name=\"twitter:data1\" content=\"1 minute\" \/>\n<script type=\"application\/ld+json\" class=\"yoast-schema-graph\">{\"@context\":\"https:\\\/\\\/schema.org\",\"@graph\":[{\"@type\":\"WebPage\",\"@id\":\"https:\\\/\\\/www.vinoydijo.com\\\/tienda\\\/anillo-de-goteo-para-collar-de-botella\\\/\",\"url\":\"https:\\\/\\\/www.vinoydijo.com\\\/tienda\\\/anillo-de-goteo-para-collar-de-botella\\\/\",\"name\":\"Vino y Dijo | Venta de Anillo de goteo para collar de botella\",\"isPartOf\":{\"@id\":\"https:\\\/\\\/www.vinoydijo.com\\\/#website\"},\"primaryImageOfPage\":{\"@id\":\"https:\\\/\\\/www.vinoydijo.com\\\/tienda\\\/anillo-de-goteo-para-collar-de-botella\\\/#primaryimage\"},\"image\":{\"@id\":\"https:\\\/\\\/www.vinoydijo.com\\\/tienda\\\/anillo-de-goteo-para-collar-de-botella\\\/#primaryimage\"},\"thumbnailUrl\":\"https:\\\/\\\/www.vinoydijo.com\\\/wp-content\\\/uploads\\\/2023\\\/09\\\/s-l1600.jpeg\",\"datePublished\":\"2023-09-26T21:08:32+00:00\",\"dateModified\":\"2023-09-27T01:02:12+00:00\",\"breadcrumb\":{\"@id\":\"https:\\\/\\\/www.vinoydijo.com\\\/tienda\\\/anillo-de-goteo-para-collar-de-botella\\\/#breadcrumb\"},\"inLanguage\":\"en-US\",\"potentialAction\":[{\"@type\":\"ReadAction\",\"target\":[\"https:\\\/\\\/www.vinoydijo.com\\\/tienda\\\/anillo-de-goteo-para-collar-de-botella\\\/\"]}]},{\"@type\":\"ImageObject\",\"inLanguage\":\"en-US\",\"@id\":\"https:\\\/\\\/www.vinoydijo.com\\\/tienda\\\/anillo-de-goteo-para-collar-de-botella\\\/#primaryimage\",\"url\":\"https:\\\/\\\/www.vinoydijo.com\\\/wp-content\\\/uploads\\\/2023\\\/09\\\/s-l1600.jpeg\",\"contentUrl\":\"https:\\\/\\\/www.vinoydijo.com\\\/wp-content\\\/uploads\\\/2023\\\/09\\\/s-l1600.jpeg\",\"width\":600,\"height\":600},{\"@type\":\"BreadcrumbList\",\"@id\":\"https:\\\/\\\/www.vinoydijo.com\\\/tienda\\\/anillo-de-goteo-para-collar-de-botella\\\/#breadcrumb\",\"itemListElement\":[{\"@type\":\"ListItem\",\"position\":1,\"name\":\"Portada\",\"item\":\"https:\\\/\\\/www.vinoydijo.com\\\/\"},{\"@type\":\"ListItem\",\"position\":2,\"name\":\"Tienda\",\"item\":\"https:\\\/\\\/www.vinoydijo.com\\\/tienda\\\/\"},{\"@type\":\"ListItem\",\"position\":3,\"name\":\"Anillo de goteo para collar de botella\"}]},{\"@type\":\"WebSite\",\"@id\":\"https:\\\/\\\/www.vinoydijo.com\\\/#website\",\"url\":\"https:\\\/\\\/www.vinoydijo.com\\\/\",\"name\":\"Vino y Dijo\",\"description\":\"Vinos\",\"publisher\":{\"@id\":\"https:\\\/\\\/www.vinoydijo.com\\\/#organization\"},\"potentialAction\":[{\"@type\":\"SearchAction\",\"target\":{\"@type\":\"EntryPoint\",\"urlTemplate\":\"https:\\\/\\\/www.vinoydijo.com\\\/?s={search_term_string}\"},\"query-input\":{\"@type\":\"PropertyValueSpecification\",\"valueRequired\":true,\"valueName\":\"search_term_string\"}}],\"inLanguage\":\"en-US\"},{\"@type\":\"Organization\",\"@id\":\"https:\\\/\\\/www.vinoydijo.com\\\/#organization\",\"name\":\"Vino y Dijo\",\"url\":\"https:\\\/\\\/www.vinoydijo.com\\\/\",\"logo\":{\"@type\":\"ImageObject\",\"inLanguage\":\"en-US\",\"@id\":\"https:\\\/\\\/www.vinoydijo.com\\\/#\\\/schema\\\/logo\\\/image\\\/\",\"url\":\"https:\\\/\\\/vinoydijo.com\\\/wp-content\\\/uploads\\\/2022\\\/09\\\/VinoyDijo.jpg\",\"contentUrl\":\"https:\\\/\\\/vinoydijo.com\\\/wp-content\\\/uploads\\\/2022\\\/09\\\/VinoyDijo.jpg\",\"width\":1024,\"height\":1024,\"caption\":\"Vino y Dijo\"},\"image\":{\"@id\":\"https:\\\/\\\/www.vinoydijo.com\\\/#\\\/schema\\\/logo\\\/image\\\/\"}}]}<\/script>\n<!-- \/ Yoast SEO plugin. -->","yoast_head_json":{"title":"Vino y Dijo | Venta de Anillo de goteo para collar de botella","robots":{"index":"index","follow":"follow","max-snippet":"max-snippet:-1","max-image-preview":"max-image-preview:large","max-video-preview":"max-video-preview:-1"},"canonical":"https:\/\/www.vinoydijo.com\/en\/tienda\/anillo-de-goteo-para-collar-de-botella\/","og_locale":"en_US","og_type":"article","og_title":"Vino y Dijo | Venta de Anillo de goteo para collar de botella","og_description":"Evita que las gotas de vino se deslicen al cuerpo de la botella y manchen la mesa. Caracter\u00edsticas: Material: acero inoxidable + esponja absorbente de alta densidad. Color plata Dimensi\u00f3nes: Longitud: 1.9 cm Di\u00e1metro: 3.8 cm El paquete incluye: 2 anillos de vino","og_url":"https:\/\/www.vinoydijo.com\/en\/tienda\/anillo-de-goteo-para-collar-de-botella\/","og_site_name":"Vino y Dijo","article_modified_time":"2023-09-27T01:02:12+00:00","og_image":[{"width":600,"height":600,"url":"https:\/\/www.vinoydijo.com\/wp-content\/uploads\/2023\/09\/s-l1600.jpeg","type":"image\/jpeg"}],"twitter_card":"summary_large_image","twitter_misc":{"Est. reading time":"1 minute"},"schema":{"@context":"https:\/\/schema.org","@graph":[{"@type":"WebPage","@id":"https:\/\/www.vinoydijo.com\/tienda\/anillo-de-goteo-para-collar-de-botella\/","url":"https:\/\/www.vinoydijo.com\/tienda\/anillo-de-goteo-para-collar-de-botella\/","name":"Vino y Dijo | Venta de Anillo de goteo para collar de botella","isPartOf":{"@id":"https:\/\/www.vinoydijo.com\/#website"},"primaryImageOfPage":{"@id":"https:\/\/www.vinoydijo.com\/tienda\/anillo-de-goteo-para-collar-de-botella\/#primaryimage"},"image":{"@id":"https:\/\/www.vinoydijo.com\/tienda\/anillo-de-goteo-para-collar-de-botella\/#primaryimage"},"thumbnailUrl":"https:\/\/www.vinoydijo.com\/wp-content\/uploads\/2023\/09\/s-l1600.jpeg","datePublished":"2023-09-26T21:08:32+00:00","dateModified":"2023-09-27T01:02:12+00:00","breadcrumb":{"@id":"https:\/\/www.vinoydijo.com\/tienda\/anillo-de-goteo-para-collar-de-botella\/#breadcrumb"},"inLanguage":"en-US","potentialAction":[{"@type":"ReadAction","target":["https:\/\/www.vinoydijo.com\/tienda\/anillo-de-goteo-para-collar-de-botella\/"]}]},{"@type":"ImageObject","inLanguage":"en-US","@id":"https:\/\/www.vinoydijo.com\/tienda\/anillo-de-goteo-para-collar-de-botella\/#primaryimage","url":"https:\/\/www.vinoydijo.com\/wp-content\/uploads\/2023\/09\/s-l1600.jpeg","contentUrl":"https:\/\/www.vinoydijo.com\/wp-content\/uploads\/2023\/09\/s-l1600.jpeg","width":600,"height":600},{"@type":"BreadcrumbList","@id":"https:\/\/www.vinoydijo.com\/tienda\/anillo-de-goteo-para-collar-de-botella\/#breadcrumb","itemListElement":[{"@type":"ListItem","position":1,"name":"Portada","item":"https:\/\/www.vinoydijo.com\/"},{"@type":"ListItem","position":2,"name":"Tienda","item":"https:\/\/www.vinoydijo.com\/tienda\/"},{"@type":"ListItem","position":3,"name":"Anillo de goteo para collar de botella"}]},{"@type":"WebSite","@id":"https:\/\/www.vinoydijo.com\/#website","url":"https:\/\/www.vinoydijo.com\/","name":"Vino y Dijo","description":"Vinos","publisher":{"@id":"https:\/\/www.vinoydijo.com\/#organization"},"potentialAction":[{"@type":"SearchAction","target":{"@type":"EntryPoint","urlTemplate":"https:\/\/www.vinoydijo.com\/?s={search_term_string}"},"query-input":{"@type":"PropertyValueSpecification","valueRequired":true,"valueName":"search_term_string"}}],"inLanguage":"en-US"},{"@type":"Organization","@id":"https:\/\/www.vinoydijo.com\/#organization","name":"Vino y Dijo","url":"https:\/\/www.vinoydijo.com\/","logo":{"@type":"ImageObject","inLanguage":"en-US","@id":"https:\/\/www.vinoydijo.com\/#\/schema\/logo\/image\/","url":"https:\/\/vinoydijo.com\/wp-content\/uploads\/2022\/09\/VinoyDijo.jpg","contentUrl":"https:\/\/vinoydijo.com\/wp-content\/uploads\/2022\/09\/VinoyDijo.jpg","width":1024,"height":1024,"caption":"Vino y Dijo"},"image":{"@id":"https:\/\/www.vinoydijo.com\/#\/schema\/logo\/image\/"}}]}},"_links":{"self":[{"href":"https:\/\/www.vinoydijo.com\/en\/wp-json\/wp\/v2\/product\/322","targetHints":{"allow":["GET"]}}],"collection":[{"href":"https:\/\/www.vinoydijo.com\/en\/wp-json\/wp\/v2\/product"}],"about":[{"href":"https:\/\/www.vinoydijo.com\/en\/wp-json\/wp\/v2\/types\/product"}],"wp:featuredmedia":[{"embeddable":true,"href":"https:\/\/www.vinoydijo.com\/en\/wp-json\/wp\/v2\/media\/327"}],"wp:attachment":[{"href":"https:\/\/www.vinoydijo.com\/en\/wp-json\/wp\/v2\/media?parent=322"}],"wp:term":[{"taxonomy":"product_brand","embeddable":true,"href":"https:\/\/www.vinoydijo.com\/en\/wp-json\/wp\/v2\/product_brand?post=322"},{"taxonomy":"product_cat","embeddable":true,"href":"https:\/\/www.vinoydijo.com\/en\/wp-json\/wp\/v2\/product_cat?post=322"},{"taxonomy":"product_tag","embeddable":true,"href":"https:\/\/www.vinoydijo.com\/en\/wp-json\/wp\/v2\/product_tag?post=322"}],"curies":[{"name":"wp","href":"https:\/\/api.w.org\/{rel}","templated":true}]}}