{"id":328,"date":"2023-09-26T20:44:43","date_gmt":"2023-09-27T01:44:43","guid":{"rendered":"https:\/\/vinoydijo.com\/?post_type=product&#038;p=328"},"modified":"2023-09-27T23:13:20","modified_gmt":"2023-09-28T04:13:20","slug":"clase-virtual-de-iniciacion-al-mundo-del-vino","status":"publish","type":"product","link":"https:\/\/www.vinoydijo.com\/en\/tienda\/clase-virtual-de-iniciacion-al-mundo-del-vino\/","title":{"rendered":"Online Class Introduction to the World of Wine"},"content":{"rendered":"<div class=\"flex-1 overflow-hidden\">\n<div class=\"react-scroll-to-bottom--css-sckqb-79elbk h-full dark:bg-gray-800\">\n<div class=\"react-scroll-to-bottom--css-sckqb-1n7m0yu\">\n<div class=\"flex flex-col text-sm dark:bg-gray-800\">\n<div class=\"group w-full text-token-text-primary border-b border-black\/10 gizmo:border-0 dark:border-gray-900\/50 gizmo:dark:border-0 bg-gray-50 gizmo:bg-transparent dark:bg-[#444654] gizmo:dark:bg-transparent\" data-testid=\"conversation-turn-117\">\n<div class=\"p-4 justify-center text-base md:gap-6 md:py-6 m-auto\">\n<div class=\"flex flex-1 gap-4 text-base mx-auto md:gap-6 md:max-w-2xl lg:max-w-[38rem] xl:max-w-3xl }\">\n<div class=\"relative flex w-[calc(100%-50px)] flex-col gap-1 md:gap-3 lg:w-[calc(100%-115px)] agent-turn\">\n<div class=\"flex flex-grow flex-col gap-3 max-w-full\">\n<div class=\"min-h-[20px] flex flex-col items-start gap-3 overflow-x-auto whitespace-pre-wrap break-words\">\n<div class=\"markdown prose w-full break-words dark:prose-invert light\">\n<p>Are you planning a gathering with family or friends? Enjoy a virtual wine class and tasting from the comfort of your home.<\/p>\n<p>Learn the basics of wine tasting, including:<\/p>\n<ul>\n<li>How to open bottles (yes, there\u2019s a proper way to do it, even with screw caps!)<\/li>\n<li>How to taste wine (tasting method, food pairing)<\/li>\n<li>How to identify the classic attributes of wines (and how to enjoy them to the fullest)<\/li>\n<\/ul>\n<p>Followed by a Q&amp;A session where participants can ask anything about wine.<\/p>\n<p>Our online wine class is conducted via Zoom or similar, with no additional software required. Participants join using the link we provide.<\/p>\n<p><em><strong>Recommended for groups of 1 to 12 people to ensure optimal interaction.<\/strong><\/em><\/p>\n<p>Our online wine class is conducted Zoom or similar conferencing platform, with no additional software required. Participants join using the link we provide.<\/p>\n<p>Includes:<\/p>\n<ul>\n<li>A list of recommended wines to taste and pairing suggestions<\/li>\n<li>Downloadable tasting mat file<\/li>\n<li>Downloadable invitation template so you can invite your friends, family and clients<\/li>\n<\/ul>\n<p>Available worldwide and across all time zones.<\/p>\n<p>Discover regional terroir, grape varieties, history, and food pairing techniques in an interactive digital presentation!<\/p>\n<\/div>\n<\/div>\n<\/div>\n<\/div>\n<\/div>\n<\/div>\n<\/div>\n<\/div>\n<\/div>\n<\/div>\n<\/div>","protected":false},"excerpt":{"rendered":"<p>\u00bfEst\u00e1s planeando una reuni\u00f3n con familiares o amigos? Disfruta de una clase virtual y cata de vinos en la comodidad de tu hogar. Aprende los fundamentos de la cata de vinos, incluyendo: C\u00f3mo abrir botellas (\u00a1s\u00ed, hay una forma adecuada de hacerlo, incluso con tapones de rosca!) C\u00f3mo degustar vinos (m\u00e9todo de cata, maridaje) C\u00f3mo&#8230;<\/p>","protected":false},"featured_media":331,"template":"","meta":[],"product_brand":[],"product_cat":[59],"product_tag":[],"class_list":{"0":"post-328","1":"product","2":"type-product","3":"status-publish","4":"has-post-thumbnail","6":"product_cat-saber-de-vinos","8":"first","9":"instock","10":"virtual","11":"sold-individually","12":"taxable","13":"purchasable","14":"product-type-booking"},"exclude_global_add_ons":[],"addons":[],"yoast_head":"<!-- This site is optimized with the Yoast SEO plugin v27.4 - https:\/\/yoast.com\/product\/yoast-seo-wordpress\/ -->\n<title>Vino y Dijo | Venta de Clase Virtual de Iniciaci\u00f3n al Mundo del Vino<\/title>\n<meta name=\"robots\" content=\"index, follow, max-snippet:-1, max-image-preview:large, max-video-preview:-1\" \/>\n<link rel=\"canonical\" href=\"https:\/\/www.vinoydijo.com\/en\/tienda\/clase-virtual-de-iniciacion-al-mundo-del-vino\/\" \/>\n<meta property=\"og:locale\" content=\"en_US\" \/>\n<meta property=\"og:type\" content=\"article\" \/>\n<meta property=\"og:title\" content=\"Vino y Dijo | Venta de Clase Virtual de Iniciaci\u00f3n al Mundo del Vino\" \/>\n<meta property=\"og:description\" content=\"\u00bfEst\u00e1s planeando una reuni\u00f3n con familiares o amigos? Disfruta de una clase virtual y cata de vinos en la comodidad de tu hogar. Aprende los fundamentos de la cata de vinos, incluyendo: C\u00f3mo abrir botellas (\u00a1s\u00ed, hay una forma adecuada de hacerlo, incluso con tapones de rosca!) C\u00f3mo degustar vinos (m\u00e9todo de cata, maridaje) C\u00f3mo...\" \/>\n<meta property=\"og:url\" content=\"https:\/\/www.vinoydijo.com\/en\/tienda\/clase-virtual-de-iniciacion-al-mundo-del-vino\/\" \/>\n<meta property=\"og:site_name\" content=\"Vino y Dijo\" \/>\n<meta property=\"article:modified_time\" content=\"2023-09-28T04:13:20+00:00\" \/>\n<meta property=\"og:image\" content=\"https:\/\/www.vinoydijo.com\/wp-content\/uploads\/2023\/09\/228959786.jpg\" \/>\n\t<meta property=\"og:image:width\" content=\"2048\" \/>\n\t<meta property=\"og:image:height\" content=\"1094\" \/>\n\t<meta property=\"og:image:type\" content=\"image\/jpeg\" \/>\n<meta name=\"twitter:card\" content=\"summary_large_image\" \/>\n<meta name=\"twitter:label1\" content=\"Est. reading time\" \/>\n\t<meta name=\"twitter:data1\" content=\"1 minute\" \/>\n<script type=\"application\/ld+json\" class=\"yoast-schema-graph\">{\"@context\":\"https:\\\/\\\/schema.org\",\"@graph\":[{\"@type\":\"WebPage\",\"@id\":\"https:\\\/\\\/www.vinoydijo.com\\\/tienda\\\/clase-virtual-de-iniciacion-al-mundo-del-vino\\\/\",\"url\":\"https:\\\/\\\/www.vinoydijo.com\\\/tienda\\\/clase-virtual-de-iniciacion-al-mundo-del-vino\\\/\",\"name\":\"Vino y Dijo | Venta de Clase Virtual de Iniciaci\u00f3n al Mundo del Vino\",\"isPartOf\":{\"@id\":\"https:\\\/\\\/www.vinoydijo.com\\\/#website\"},\"primaryImageOfPage\":{\"@id\":\"https:\\\/\\\/www.vinoydijo.com\\\/tienda\\\/clase-virtual-de-iniciacion-al-mundo-del-vino\\\/#primaryimage\"},\"image\":{\"@id\":\"https:\\\/\\\/www.vinoydijo.com\\\/tienda\\\/clase-virtual-de-iniciacion-al-mundo-del-vino\\\/#primaryimage\"},\"thumbnailUrl\":\"https:\\\/\\\/www.vinoydijo.com\\\/wp-content\\\/uploads\\\/2023\\\/09\\\/228959786.jpg\",\"datePublished\":\"2023-09-27T01:44:43+00:00\",\"dateModified\":\"2023-09-28T04:13:20+00:00\",\"breadcrumb\":{\"@id\":\"https:\\\/\\\/www.vinoydijo.com\\\/tienda\\\/clase-virtual-de-iniciacion-al-mundo-del-vino\\\/#breadcrumb\"},\"inLanguage\":\"en-US\",\"potentialAction\":[{\"@type\":\"ReadAction\",\"target\":[\"https:\\\/\\\/www.vinoydijo.com\\\/tienda\\\/clase-virtual-de-iniciacion-al-mundo-del-vino\\\/\"]}]},{\"@type\":\"ImageObject\",\"inLanguage\":\"en-US\",\"@id\":\"https:\\\/\\\/www.vinoydijo.com\\\/tienda\\\/clase-virtual-de-iniciacion-al-mundo-del-vino\\\/#primaryimage\",\"url\":\"https:\\\/\\\/www.vinoydijo.com\\\/wp-content\\\/uploads\\\/2023\\\/09\\\/228959786.jpg\",\"contentUrl\":\"https:\\\/\\\/www.vinoydijo.com\\\/wp-content\\\/uploads\\\/2023\\\/09\\\/228959786.jpg\",\"width\":2048,\"height\":1094},{\"@type\":\"BreadcrumbList\",\"@id\":\"https:\\\/\\\/www.vinoydijo.com\\\/tienda\\\/clase-virtual-de-iniciacion-al-mundo-del-vino\\\/#breadcrumb\",\"itemListElement\":[{\"@type\":\"ListItem\",\"position\":1,\"name\":\"Portada\",\"item\":\"https:\\\/\\\/www.vinoydijo.com\\\/\"},{\"@type\":\"ListItem\",\"position\":2,\"name\":\"Tienda\",\"item\":\"https:\\\/\\\/www.vinoydijo.com\\\/tienda\\\/\"},{\"@type\":\"ListItem\",\"position\":3,\"name\":\"Clase Virtual de Iniciaci\u00f3n al Mundo del Vino\"}]},{\"@type\":\"WebSite\",\"@id\":\"https:\\\/\\\/www.vinoydijo.com\\\/#website\",\"url\":\"https:\\\/\\\/www.vinoydijo.com\\\/\",\"name\":\"Vino y Dijo\",\"description\":\"Vinos\",\"publisher\":{\"@id\":\"https:\\\/\\\/www.vinoydijo.com\\\/#organization\"},\"potentialAction\":[{\"@type\":\"SearchAction\",\"target\":{\"@type\":\"EntryPoint\",\"urlTemplate\":\"https:\\\/\\\/www.vinoydijo.com\\\/?s={search_term_string}\"},\"query-input\":{\"@type\":\"PropertyValueSpecification\",\"valueRequired\":true,\"valueName\":\"search_term_string\"}}],\"inLanguage\":\"en-US\"},{\"@type\":\"Organization\",\"@id\":\"https:\\\/\\\/www.vinoydijo.com\\\/#organization\",\"name\":\"Vino y Dijo\",\"url\":\"https:\\\/\\\/www.vinoydijo.com\\\/\",\"logo\":{\"@type\":\"ImageObject\",\"inLanguage\":\"en-US\",\"@id\":\"https:\\\/\\\/www.vinoydijo.com\\\/#\\\/schema\\\/logo\\\/image\\\/\",\"url\":\"https:\\\/\\\/vinoydijo.com\\\/wp-content\\\/uploads\\\/2022\\\/09\\\/VinoyDijo.jpg\",\"contentUrl\":\"https:\\\/\\\/vinoydijo.com\\\/wp-content\\\/uploads\\\/2022\\\/09\\\/VinoyDijo.jpg\",\"width\":1024,\"height\":1024,\"caption\":\"Vino y Dijo\"},\"image\":{\"@id\":\"https:\\\/\\\/www.vinoydijo.com\\\/#\\\/schema\\\/logo\\\/image\\\/\"}}]}<\/script>\n<!-- \/ Yoast SEO plugin. -->","yoast_head_json":{"title":"Vino y Dijo | Venta de Clase Virtual de Iniciaci\u00f3n al Mundo del Vino","robots":{"index":"index","follow":"follow","max-snippet":"max-snippet:-1","max-image-preview":"max-image-preview:large","max-video-preview":"max-video-preview:-1"},"canonical":"https:\/\/www.vinoydijo.com\/en\/tienda\/clase-virtual-de-iniciacion-al-mundo-del-vino\/","og_locale":"en_US","og_type":"article","og_title":"Vino y Dijo | Venta de Clase Virtual de Iniciaci\u00f3n al Mundo del Vino","og_description":"\u00bfEst\u00e1s planeando una reuni\u00f3n con familiares o amigos? Disfruta de una clase virtual y cata de vinos en la comodidad de tu hogar. Aprende los fundamentos de la cata de vinos, incluyendo: C\u00f3mo abrir botellas (\u00a1s\u00ed, hay una forma adecuada de hacerlo, incluso con tapones de rosca!) C\u00f3mo degustar vinos (m\u00e9todo de cata, maridaje) C\u00f3mo...","og_url":"https:\/\/www.vinoydijo.com\/en\/tienda\/clase-virtual-de-iniciacion-al-mundo-del-vino\/","og_site_name":"Vino y Dijo","article_modified_time":"2023-09-28T04:13:20+00:00","og_image":[{"width":2048,"height":1094,"url":"https:\/\/www.vinoydijo.com\/wp-content\/uploads\/2023\/09\/228959786.jpg","type":"image\/jpeg"}],"twitter_card":"summary_large_image","twitter_misc":{"Est. reading time":"1 minute"},"schema":{"@context":"https:\/\/schema.org","@graph":[{"@type":"WebPage","@id":"https:\/\/www.vinoydijo.com\/tienda\/clase-virtual-de-iniciacion-al-mundo-del-vino\/","url":"https:\/\/www.vinoydijo.com\/tienda\/clase-virtual-de-iniciacion-al-mundo-del-vino\/","name":"Vino y Dijo | Venta de Clase Virtual de Iniciaci\u00f3n al Mundo del Vino","isPartOf":{"@id":"https:\/\/www.vinoydijo.com\/#website"},"primaryImageOfPage":{"@id":"https:\/\/www.vinoydijo.com\/tienda\/clase-virtual-de-iniciacion-al-mundo-del-vino\/#primaryimage"},"image":{"@id":"https:\/\/www.vinoydijo.com\/tienda\/clase-virtual-de-iniciacion-al-mundo-del-vino\/#primaryimage"},"thumbnailUrl":"https:\/\/www.vinoydijo.com\/wp-content\/uploads\/2023\/09\/228959786.jpg","datePublished":"2023-09-27T01:44:43+00:00","dateModified":"2023-09-28T04:13:20+00:00","breadcrumb":{"@id":"https:\/\/www.vinoydijo.com\/tienda\/clase-virtual-de-iniciacion-al-mundo-del-vino\/#breadcrumb"},"inLanguage":"en-US","potentialAction":[{"@type":"ReadAction","target":["https:\/\/www.vinoydijo.com\/tienda\/clase-virtual-de-iniciacion-al-mundo-del-vino\/"]}]},{"@type":"ImageObject","inLanguage":"en-US","@id":"https:\/\/www.vinoydijo.com\/tienda\/clase-virtual-de-iniciacion-al-mundo-del-vino\/#primaryimage","url":"https:\/\/www.vinoydijo.com\/wp-content\/uploads\/2023\/09\/228959786.jpg","contentUrl":"https:\/\/www.vinoydijo.com\/wp-content\/uploads\/2023\/09\/228959786.jpg","width":2048,"height":1094},{"@type":"BreadcrumbList","@id":"https:\/\/www.vinoydijo.com\/tienda\/clase-virtual-de-iniciacion-al-mundo-del-vino\/#breadcrumb","itemListElement":[{"@type":"ListItem","position":1,"name":"Portada","item":"https:\/\/www.vinoydijo.com\/"},{"@type":"ListItem","position":2,"name":"Tienda","item":"https:\/\/www.vinoydijo.com\/tienda\/"},{"@type":"ListItem","position":3,"name":"Clase Virtual de Iniciaci\u00f3n al Mundo del Vino"}]},{"@type":"WebSite","@id":"https:\/\/www.vinoydijo.com\/#website","url":"https:\/\/www.vinoydijo.com\/","name":"Vino y Dijo","description":"Vinos","publisher":{"@id":"https:\/\/www.vinoydijo.com\/#organization"},"potentialAction":[{"@type":"SearchAction","target":{"@type":"EntryPoint","urlTemplate":"https:\/\/www.vinoydijo.com\/?s={search_term_string}"},"query-input":{"@type":"PropertyValueSpecification","valueRequired":true,"valueName":"search_term_string"}}],"inLanguage":"en-US"},{"@type":"Organization","@id":"https:\/\/www.vinoydijo.com\/#organization","name":"Vino y Dijo","url":"https:\/\/www.vinoydijo.com\/","logo":{"@type":"ImageObject","inLanguage":"en-US","@id":"https:\/\/www.vinoydijo.com\/#\/schema\/logo\/image\/","url":"https:\/\/vinoydijo.com\/wp-content\/uploads\/2022\/09\/VinoyDijo.jpg","contentUrl":"https:\/\/vinoydijo.com\/wp-content\/uploads\/2022\/09\/VinoyDijo.jpg","width":1024,"height":1024,"caption":"Vino y Dijo"},"image":{"@id":"https:\/\/www.vinoydijo.com\/#\/schema\/logo\/image\/"}}]}},"_links":{"self":[{"href":"https:\/\/www.vinoydijo.com\/en\/wp-json\/wp\/v2\/product\/328","targetHints":{"allow":["GET"]}}],"collection":[{"href":"https:\/\/www.vinoydijo.com\/en\/wp-json\/wp\/v2\/product"}],"about":[{"href":"https:\/\/www.vinoydijo.com\/en\/wp-json\/wp\/v2\/types\/product"}],"wp:featuredmedia":[{"embeddable":true,"href":"https:\/\/www.vinoydijo.com\/en\/wp-json\/wp\/v2\/media\/331"}],"wp:attachment":[{"href":"https:\/\/www.vinoydijo.com\/en\/wp-json\/wp\/v2\/media?parent=328"}],"wp:term":[{"taxonomy":"product_brand","embeddable":true,"href":"https:\/\/www.vinoydijo.com\/en\/wp-json\/wp\/v2\/product_brand?post=328"},{"taxonomy":"product_cat","embeddable":true,"href":"https:\/\/www.vinoydijo.com\/en\/wp-json\/wp\/v2\/product_cat?post=328"},{"taxonomy":"product_tag","embeddable":true,"href":"https:\/\/www.vinoydijo.com\/en\/wp-json\/wp\/v2\/product_tag?post=328"}],"curies":[{"name":"wp","href":"https:\/\/api.w.org\/{rel}","templated":true}]}}