{"id":401,"date":"2025-03-21T16:40:49","date_gmt":"2025-03-21T20:40:49","guid":{"rendered":"https:\/\/vinoydijo.com\/?post_type=product&#038;p=401"},"modified":"2025-03-21T16:40:50","modified_gmt":"2025-03-21T20:40:50","slug":"aireador-de-vino-deluxe-con-filtro-y-base-perfecto-para-resaltar-sabor-y-aroma","status":"publish","type":"product","link":"https:\/\/www.vinoydijo.com\/en\/tienda\/aireador-de-vino-deluxe-con-filtro-y-base-perfecto-para-resaltar-sabor-y-aroma\/","title":{"rendered":"Deluxe Wine Aerator with Filter and Stand \u2013 Perfect for Enhancing Flavor and Aroma"},"content":{"rendered":"<p class=\"translation-block\">Elevate your wine experience with this premium wine aerator.\nDesigned to instantly enhance the flavour, aroma, and texture of your favourite wines, this is a must-have accessory for any wine lover.<\/p>\n<h3 data-start=\"316\" data-end=\"342\"><strong data-start=\"320\" data-end=\"340\">Features:<\/strong><\/h3>\n<ul data-start=\"343\" data-end=\"551\">\n<li data-start=\"343\" data-end=\"406\" class=\"translation-block\">Built-in filter to catch sediment and impurities<\/li>\n<li data-start=\"407\" data-end=\"468\" class=\"translation-block\">Compact stand for easy, stable storage<\/li>\n<li data-start=\"469\" data-end=\"509\" class=\"translation-block\">Drip-free design, simple to use<\/li>\n<li data-start=\"510\" data-end=\"551\"><strong data-start=\"512\" data-end=\"548\">Suitable for both red and white wines<\/strong>.<\/li>\n<\/ul>\n<p data-start=\"558\" data-end=\"762\" class=\"translation-block\">Perfect for dinner parties, gifting, or everyday enjoyment, this aerator ensures every glass is savored at its full potential. Enjoy a smoother, richer wine experience with minimal effort! \ud83c\udf77\u2728<\/p>","protected":false},"excerpt":{"rendered":"<p>Aireador de vino deluxe con filtro y base para mejorar instant\u00e1neamente el sabor y aroma de tus vinos. Dise\u00f1o sin goteo, f\u00e1cil de usar y apto para vinos tintos y blancos. \u00a1Ideal para cenas, regalos o uso diario!<\/p>","protected":false},"featured_media":406,"template":"","meta":[],"product_brand":[],"product_cat":[30],"product_tag":[],"class_list":{"0":"post-401","1":"product","2":"type-product","3":"status-publish","4":"has-post-thumbnail","6":"product_cat-gadgets","8":"first","9":"instock","10":"taxable","11":"shipping-taxable","12":"purchasable","13":"product-type-simple"},"exclude_global_add_ons":[],"addons":[],"yoast_head":"<!-- This site is optimized with the Yoast SEO plugin v27.4 - https:\/\/yoast.com\/product\/yoast-seo-wordpress\/ -->\n<title>Vino y Dijo | Venta de Aireador de Vino Deluxe con Filtro y Base \u2013 Perfecto para Resaltar Sabor y Aroma<\/title>\n<meta name=\"description\" content=\"Mejora el sabor y aroma de tu vino con este aireador deluxe con filtro y base. Dise\u00f1o elegante, sin goteo y f\u00e1cil de usar. \u00a1Descubre la diferencia!\" \/>\n<meta name=\"robots\" content=\"index, follow, max-snippet:-1, max-image-preview:large, max-video-preview:-1\" \/>\n<link rel=\"canonical\" href=\"https:\/\/www.vinoydijo.com\/en\/tienda\/aireador-de-vino-deluxe-con-filtro-y-base-perfecto-para-resaltar-sabor-y-aroma\/\" \/>\n<meta property=\"og:locale\" content=\"en_US\" \/>\n<meta property=\"og:type\" content=\"article\" \/>\n<meta property=\"og:title\" content=\"Vino y Dijo | Venta de Aireador de Vino Deluxe con Filtro y Base \u2013 Perfecto para Resaltar Sabor y Aroma\" \/>\n<meta property=\"og:description\" content=\"Mejora el sabor y aroma de tu vino con este aireador deluxe con filtro y base. Dise\u00f1o elegante, sin goteo y f\u00e1cil de usar. \u00a1Descubre la diferencia!\" \/>\n<meta property=\"og:url\" content=\"https:\/\/www.vinoydijo.com\/en\/tienda\/aireador-de-vino-deluxe-con-filtro-y-base-perfecto-para-resaltar-sabor-y-aroma\/\" \/>\n<meta property=\"og:site_name\" content=\"Vino y Dijo\" \/>\n<meta property=\"article:modified_time\" content=\"2025-03-21T20:40:50+00:00\" \/>\n<meta property=\"og:image\" content=\"https:\/\/www.vinoydijo.com\/wp-content\/uploads\/2025\/03\/s-l1600-18.webp\" \/>\n\t<meta property=\"og:image:width\" content=\"800\" \/>\n\t<meta property=\"og:image:height\" content=\"800\" \/>\n\t<meta property=\"og:image:type\" content=\"image\/webp\" \/>\n<meta name=\"twitter:card\" content=\"summary_large_image\" \/>\n<meta name=\"twitter:label1\" content=\"Est. reading time\" \/>\n\t<meta name=\"twitter:data1\" content=\"1 minute\" \/>\n<script type=\"application\/ld+json\" class=\"yoast-schema-graph\">{\"@context\":\"https:\\\/\\\/schema.org\",\"@graph\":[{\"@type\":\"WebPage\",\"@id\":\"https:\\\/\\\/www.vinoydijo.com\\\/tienda\\\/aireador-de-vino-deluxe-con-filtro-y-base-perfecto-para-resaltar-sabor-y-aroma\\\/\",\"url\":\"https:\\\/\\\/www.vinoydijo.com\\\/tienda\\\/aireador-de-vino-deluxe-con-filtro-y-base-perfecto-para-resaltar-sabor-y-aroma\\\/\",\"name\":\"Vino y Dijo | Venta de Aireador de Vino Deluxe con Filtro y Base \u2013 Perfecto para Resaltar Sabor y Aroma\",\"isPartOf\":{\"@id\":\"https:\\\/\\\/www.vinoydijo.com\\\/#website\"},\"primaryImageOfPage\":{\"@id\":\"https:\\\/\\\/www.vinoydijo.com\\\/tienda\\\/aireador-de-vino-deluxe-con-filtro-y-base-perfecto-para-resaltar-sabor-y-aroma\\\/#primaryimage\"},\"image\":{\"@id\":\"https:\\\/\\\/www.vinoydijo.com\\\/tienda\\\/aireador-de-vino-deluxe-con-filtro-y-base-perfecto-para-resaltar-sabor-y-aroma\\\/#primaryimage\"},\"thumbnailUrl\":\"https:\\\/\\\/www.vinoydijo.com\\\/wp-content\\\/uploads\\\/2025\\\/03\\\/s-l1600-18.webp\",\"datePublished\":\"2025-03-21T20:40:49+00:00\",\"dateModified\":\"2025-03-21T20:40:50+00:00\",\"description\":\"Mejora el sabor y aroma de tu vino con este aireador deluxe con filtro y base. Dise\u00f1o elegante, sin goteo y f\u00e1cil de usar. \u00a1Descubre la diferencia!\",\"breadcrumb\":{\"@id\":\"https:\\\/\\\/www.vinoydijo.com\\\/tienda\\\/aireador-de-vino-deluxe-con-filtro-y-base-perfecto-para-resaltar-sabor-y-aroma\\\/#breadcrumb\"},\"inLanguage\":\"en-US\",\"potentialAction\":[{\"@type\":\"ReadAction\",\"target\":[\"https:\\\/\\\/www.vinoydijo.com\\\/tienda\\\/aireador-de-vino-deluxe-con-filtro-y-base-perfecto-para-resaltar-sabor-y-aroma\\\/\"]}]},{\"@type\":\"ImageObject\",\"inLanguage\":\"en-US\",\"@id\":\"https:\\\/\\\/www.vinoydijo.com\\\/tienda\\\/aireador-de-vino-deluxe-con-filtro-y-base-perfecto-para-resaltar-sabor-y-aroma\\\/#primaryimage\",\"url\":\"https:\\\/\\\/www.vinoydijo.com\\\/wp-content\\\/uploads\\\/2025\\\/03\\\/s-l1600-18.webp\",\"contentUrl\":\"https:\\\/\\\/www.vinoydijo.com\\\/wp-content\\\/uploads\\\/2025\\\/03\\\/s-l1600-18.webp\",\"width\":800,\"height\":800},{\"@type\":\"BreadcrumbList\",\"@id\":\"https:\\\/\\\/www.vinoydijo.com\\\/tienda\\\/aireador-de-vino-deluxe-con-filtro-y-base-perfecto-para-resaltar-sabor-y-aroma\\\/#breadcrumb\",\"itemListElement\":[{\"@type\":\"ListItem\",\"position\":1,\"name\":\"Portada\",\"item\":\"https:\\\/\\\/www.vinoydijo.com\\\/\"},{\"@type\":\"ListItem\",\"position\":2,\"name\":\"Tienda\",\"item\":\"https:\\\/\\\/www.vinoydijo.com\\\/tienda\\\/\"},{\"@type\":\"ListItem\",\"position\":3,\"name\":\"Aireador de Vino Deluxe con Filtro y Base \u2013 Perfecto para Resaltar Sabor y Aroma\"}]},{\"@type\":\"WebSite\",\"@id\":\"https:\\\/\\\/www.vinoydijo.com\\\/#website\",\"url\":\"https:\\\/\\\/www.vinoydijo.com\\\/\",\"name\":\"Vino y Dijo\",\"description\":\"Vinos\",\"publisher\":{\"@id\":\"https:\\\/\\\/www.vinoydijo.com\\\/#organization\"},\"potentialAction\":[{\"@type\":\"SearchAction\",\"target\":{\"@type\":\"EntryPoint\",\"urlTemplate\":\"https:\\\/\\\/www.vinoydijo.com\\\/?s={search_term_string}\"},\"query-input\":{\"@type\":\"PropertyValueSpecification\",\"valueRequired\":true,\"valueName\":\"search_term_string\"}}],\"inLanguage\":\"en-US\"},{\"@type\":\"Organization\",\"@id\":\"https:\\\/\\\/www.vinoydijo.com\\\/#organization\",\"name\":\"Vino y Dijo\",\"url\":\"https:\\\/\\\/www.vinoydijo.com\\\/\",\"logo\":{\"@type\":\"ImageObject\",\"inLanguage\":\"en-US\",\"@id\":\"https:\\\/\\\/www.vinoydijo.com\\\/#\\\/schema\\\/logo\\\/image\\\/\",\"url\":\"https:\\\/\\\/vinoydijo.com\\\/wp-content\\\/uploads\\\/2022\\\/09\\\/VinoyDijo.jpg\",\"contentUrl\":\"https:\\\/\\\/vinoydijo.com\\\/wp-content\\\/uploads\\\/2022\\\/09\\\/VinoyDijo.jpg\",\"width\":1024,\"height\":1024,\"caption\":\"Vino y Dijo\"},\"image\":{\"@id\":\"https:\\\/\\\/www.vinoydijo.com\\\/#\\\/schema\\\/logo\\\/image\\\/\"}}]}<\/script>\n<!-- \/ Yoast SEO plugin. -->","yoast_head_json":{"title":"Vino y Dijo | Venta de Aireador de Vino Deluxe con Filtro y Base \u2013 Perfecto para Resaltar Sabor y Aroma","description":"Mejora el sabor y aroma de tu vino con este aireador deluxe con filtro y base. Dise\u00f1o elegante, sin goteo y f\u00e1cil de usar. \u00a1Descubre la diferencia!","robots":{"index":"index","follow":"follow","max-snippet":"max-snippet:-1","max-image-preview":"max-image-preview:large","max-video-preview":"max-video-preview:-1"},"canonical":"https:\/\/www.vinoydijo.com\/en\/tienda\/aireador-de-vino-deluxe-con-filtro-y-base-perfecto-para-resaltar-sabor-y-aroma\/","og_locale":"en_US","og_type":"article","og_title":"Vino y Dijo | Venta de Aireador de Vino Deluxe con Filtro y Base \u2013 Perfecto para Resaltar Sabor y Aroma","og_description":"Mejora el sabor y aroma de tu vino con este aireador deluxe con filtro y base. Dise\u00f1o elegante, sin goteo y f\u00e1cil de usar. \u00a1Descubre la diferencia!","og_url":"https:\/\/www.vinoydijo.com\/en\/tienda\/aireador-de-vino-deluxe-con-filtro-y-base-perfecto-para-resaltar-sabor-y-aroma\/","og_site_name":"Vino y Dijo","article_modified_time":"2025-03-21T20:40:50+00:00","og_image":[{"width":800,"height":800,"url":"https:\/\/www.vinoydijo.com\/wp-content\/uploads\/2025\/03\/s-l1600-18.webp","type":"image\/webp"}],"twitter_card":"summary_large_image","twitter_misc":{"Est. reading time":"1 minute"},"schema":{"@context":"https:\/\/schema.org","@graph":[{"@type":"WebPage","@id":"https:\/\/www.vinoydijo.com\/tienda\/aireador-de-vino-deluxe-con-filtro-y-base-perfecto-para-resaltar-sabor-y-aroma\/","url":"https:\/\/www.vinoydijo.com\/tienda\/aireador-de-vino-deluxe-con-filtro-y-base-perfecto-para-resaltar-sabor-y-aroma\/","name":"Vino y Dijo | Venta de Aireador de Vino Deluxe con Filtro y Base \u2013 Perfecto para Resaltar Sabor y Aroma","isPartOf":{"@id":"https:\/\/www.vinoydijo.com\/#website"},"primaryImageOfPage":{"@id":"https:\/\/www.vinoydijo.com\/tienda\/aireador-de-vino-deluxe-con-filtro-y-base-perfecto-para-resaltar-sabor-y-aroma\/#primaryimage"},"image":{"@id":"https:\/\/www.vinoydijo.com\/tienda\/aireador-de-vino-deluxe-con-filtro-y-base-perfecto-para-resaltar-sabor-y-aroma\/#primaryimage"},"thumbnailUrl":"https:\/\/www.vinoydijo.com\/wp-content\/uploads\/2025\/03\/s-l1600-18.webp","datePublished":"2025-03-21T20:40:49+00:00","dateModified":"2025-03-21T20:40:50+00:00","description":"Mejora el sabor y aroma de tu vino con este aireador deluxe con filtro y base. Dise\u00f1o elegante, sin goteo y f\u00e1cil de usar. \u00a1Descubre la diferencia!","breadcrumb":{"@id":"https:\/\/www.vinoydijo.com\/tienda\/aireador-de-vino-deluxe-con-filtro-y-base-perfecto-para-resaltar-sabor-y-aroma\/#breadcrumb"},"inLanguage":"en-US","potentialAction":[{"@type":"ReadAction","target":["https:\/\/www.vinoydijo.com\/tienda\/aireador-de-vino-deluxe-con-filtro-y-base-perfecto-para-resaltar-sabor-y-aroma\/"]}]},{"@type":"ImageObject","inLanguage":"en-US","@id":"https:\/\/www.vinoydijo.com\/tienda\/aireador-de-vino-deluxe-con-filtro-y-base-perfecto-para-resaltar-sabor-y-aroma\/#primaryimage","url":"https:\/\/www.vinoydijo.com\/wp-content\/uploads\/2025\/03\/s-l1600-18.webp","contentUrl":"https:\/\/www.vinoydijo.com\/wp-content\/uploads\/2025\/03\/s-l1600-18.webp","width":800,"height":800},{"@type":"BreadcrumbList","@id":"https:\/\/www.vinoydijo.com\/tienda\/aireador-de-vino-deluxe-con-filtro-y-base-perfecto-para-resaltar-sabor-y-aroma\/#breadcrumb","itemListElement":[{"@type":"ListItem","position":1,"name":"Portada","item":"https:\/\/www.vinoydijo.com\/"},{"@type":"ListItem","position":2,"name":"Tienda","item":"https:\/\/www.vinoydijo.com\/tienda\/"},{"@type":"ListItem","position":3,"name":"Aireador de Vino Deluxe con Filtro y Base \u2013 Perfecto para Resaltar Sabor y Aroma"}]},{"@type":"WebSite","@id":"https:\/\/www.vinoydijo.com\/#website","url":"https:\/\/www.vinoydijo.com\/","name":"Vino y Dijo","description":"Vinos","publisher":{"@id":"https:\/\/www.vinoydijo.com\/#organization"},"potentialAction":[{"@type":"SearchAction","target":{"@type":"EntryPoint","urlTemplate":"https:\/\/www.vinoydijo.com\/?s={search_term_string}"},"query-input":{"@type":"PropertyValueSpecification","valueRequired":true,"valueName":"search_term_string"}}],"inLanguage":"en-US"},{"@type":"Organization","@id":"https:\/\/www.vinoydijo.com\/#organization","name":"Vino y Dijo","url":"https:\/\/www.vinoydijo.com\/","logo":{"@type":"ImageObject","inLanguage":"en-US","@id":"https:\/\/www.vinoydijo.com\/#\/schema\/logo\/image\/","url":"https:\/\/vinoydijo.com\/wp-content\/uploads\/2022\/09\/VinoyDijo.jpg","contentUrl":"https:\/\/vinoydijo.com\/wp-content\/uploads\/2022\/09\/VinoyDijo.jpg","width":1024,"height":1024,"caption":"Vino y Dijo"},"image":{"@id":"https:\/\/www.vinoydijo.com\/#\/schema\/logo\/image\/"}}]}},"_links":{"self":[{"href":"https:\/\/www.vinoydijo.com\/en\/wp-json\/wp\/v2\/product\/401","targetHints":{"allow":["GET"]}}],"collection":[{"href":"https:\/\/www.vinoydijo.com\/en\/wp-json\/wp\/v2\/product"}],"about":[{"href":"https:\/\/www.vinoydijo.com\/en\/wp-json\/wp\/v2\/types\/product"}],"wp:featuredmedia":[{"embeddable":true,"href":"https:\/\/www.vinoydijo.com\/en\/wp-json\/wp\/v2\/media\/406"}],"wp:attachment":[{"href":"https:\/\/www.vinoydijo.com\/en\/wp-json\/wp\/v2\/media?parent=401"}],"wp:term":[{"taxonomy":"product_brand","embeddable":true,"href":"https:\/\/www.vinoydijo.com\/en\/wp-json\/wp\/v2\/product_brand?post=401"},{"taxonomy":"product_cat","embeddable":true,"href":"https:\/\/www.vinoydijo.com\/en\/wp-json\/wp\/v2\/product_cat?post=401"},{"taxonomy":"product_tag","embeddable":true,"href":"https:\/\/www.vinoydijo.com\/en\/wp-json\/wp\/v2\/product_tag?post=401"}],"curies":[{"name":"wp","href":"https:\/\/api.w.org\/{rel}","templated":true}]}}